{"id":6,"date":"2012-01-16T17:38:32","date_gmt":"2012-01-16T17:38:32","guid":{"rendered":"http:\/\/isgsossenheim.de\/?page_id=6"},"modified":"2019-11-22T14:47:47","modified_gmt":"2019-11-22T14:47:47","slug":"wir-uber-uns","status":"publish","type":"page","link":"https:\/\/isgsossenheim.de\/?page_id=6","title":{"rendered":"Wir \u00fcber uns"},"content":{"rendered":"<p style=\"text-align: justify;\">Die Interessengemeinschaft Sossenheimer Gewerbetreibender ist ein Verein mit 43 Mitgliedern aus Handel, Handwerk und Dienstleistung, der es sich zur Aufgabe gemacht hat, die Mitgliedsfirmen und deren Inhaber bei der Bev\u00f6lkerung bekannt zu machen und darzustellen.<br \/>Dazu werden gemeinsame Anzeigen geschaltet, Gewerbeausstellungen durchgef\u00fchrt, j\u00e4hrlich ein Strassenfest in der Sossenheimer M\u00fchlgasse bzw. auf dem Kirchberg veranstaltet sowie das ISG-Weihnnachtssingen in der Pfarrkirche St.Michael mit Weihnachtsmarkt auf dem Sossenheimer Kirchberg.<\/p>\n<p style=\"text-align: justify;\">F\u00fcr das pers\u00f6nliche Kennenlernen der Mitglieder untereinander und als Dank an die Mitarbeiter der verschiedenen Feste wird allj\u00e4hrlich ein &#8222;ISG-Intern&#8220; gefeiert. Der Stammtisch der ISG &#8211; Sossenheim ist immer beliebt. hier kann man zwanglos Informationen \u00fcber den Verein erlangen und \u00fcber die Planung neuer Aktivit\u00e4ten sprechen. Wer Interesse hat, dem Verein beizutreten, findet hier die Satzung und die Beitrittserkl\u00e4rung:<\/p>\n<p>Satzung vom 29.03.2004: <a href=\"http:\/\/isgsossenheim.de\/wp-content\/uploads\/2012\/01\/Satzung-29_03_04.pdf\">Satzung 29_03_04<\/a><\/p>\n<p>Beitrittserkl\u00e4rung: <a href=\"http:\/\/isgsossenheim.de\/wp-content\/uploads\/2019\/11\/Aufnahmeantrag_11_2019.pdf\">Aufnahmeantrag_11_2019<\/a><\/p>\n\n\n<p><\/p>\n","protected":false},"excerpt":{"rendered":"<p>Die Interessengemeinschaft Sossenheimer Gewerbetreibender ist ein Verein mit 43 Mitgliedern aus Handel, Handwerk und Dienstleistung, der es sich zur Aufgabe gemacht hat, die Mitgliedsfirmen und deren Inhaber bei der Bev\u00f6lkerung bekannt zu machen und darzustellen.Dazu werden gemeinsame Anzeigen geschaltet, Gewerbeausstellungen &hellip;<\/p>\n<p class=\"read-more\"> <a class=\"more-link\" href=\"https:\/\/isgsossenheim.de\/?page_id=6\"> <span class=\"screen-reader-text\">Wir \u00fcber uns<\/span> Weiterlesen &raquo;<\/a><\/p>\n","protected":false},"author":1,"featured_media":0,"parent":0,"menu_order":1,"comment_status":"closed","ping_status":"closed","template":"","meta":{"footnotes":""},"class_list":["post-6","page","type-page","status-publish","hentry"],"_links":{"self":[{"href":"https:\/\/isgsossenheim.de\/index.php?rest_route=\/wp\/v2\/pages\/6","targetHints":{"allow":["GET"]}}],"collection":[{"href":"https:\/\/isgsossenheim.de\/index.php?rest_route=\/wp\/v2\/pages"}],"about":[{"href":"https:\/\/isgsossenheim.de\/index.php?rest_route=\/wp\/v2\/types\/page"}],"author":[{"embeddable":true,"href":"https:\/\/isgsossenheim.de\/index.php?rest_route=\/wp\/v2\/users\/1"}],"replies":[{"embeddable":true,"href":"https:\/\/isgsossenheim.de\/index.php?rest_route=%2Fwp%2Fv2%2Fcomments&post=6"}],"version-history":[{"count":19,"href":"https:\/\/isgsossenheim.de\/index.php?rest_route=\/wp\/v2\/pages\/6\/revisions"}],"predecessor-version":[{"id":367,"href":"https:\/\/isgsossenheim.de\/index.php?rest_route=\/wp\/v2\/pages\/6\/revisions\/367"}],"wp:attachment":[{"href":"https:\/\/isgsossenheim.de\/index.php?rest_route=%2Fwp%2Fv2%2Fmedia&parent=6"}],"curies":[{"name":"wp","href":"https:\/\/api.w.org\/{rel}","templated":true}]}}