{"id":107,"date":"2013-05-01T12:30:13","date_gmt":"2013-05-01T12:30:13","guid":{"rendered":"http:\/\/isgsossenheim.de\/?page_id=107"},"modified":"2025-06-26T14:07:38","modified_gmt":"2025-06-26T14:07:38","slug":"strasenfest","status":"publish","type":"page","link":"https:\/\/isgsossenheim.de\/?page_id=107","title":{"rendered":"Stra\u00dfenfest"},"content":{"rendered":"<p>Am 12.07.2025 wird das n\u00e4chste Stra\u00dfenfest, mittlerweile zum 43. Mal seit Bestehen des Vereines, stattfinden.<\/p>\n<p>Es wird erneut eine Veranstaltung auf dem Sossenheimer Kirchberg sein. Dieses Jahr heizt und die Band Cherry Bomb ab ca. 19.00 Uhr ein.<\/p>\n<p><strong>Weitere Informationen zur Band bekommt Ihr unter: <a href=\"http:\/\/www.cherrybomb-roxx.de\" target=\"_blank\" rel=\"noopener\">www.cherrybomb-roxx.de<\/a><br \/>\n<\/strong><\/p>\n<p><a href=\"https:\/\/isgsossenheim.de\/wp-content\/uploads\/2025\/06\/Plakat_2025_Strassenfest_Kirchberg_V2-scaled.jpg\"><img loading=\"lazy\" decoding=\"async\" class=\"alignnone wp-image-484 size-large\" src=\"https:\/\/isgsossenheim.de\/wp-content\/uploads\/2025\/06\/Plakat_2025_Strassenfest_Kirchberg_V2-723x1024.jpg\" alt=\"\" width=\"605\" height=\"857\" srcset=\"https:\/\/isgsossenheim.de\/wp-content\/uploads\/2025\/06\/Plakat_2025_Strassenfest_Kirchberg_V2-723x1024.jpg 723w, https:\/\/isgsossenheim.de\/wp-content\/uploads\/2025\/06\/Plakat_2025_Strassenfest_Kirchberg_V2-212x300.jpg 212w, https:\/\/isgsossenheim.de\/wp-content\/uploads\/2025\/06\/Plakat_2025_Strassenfest_Kirchberg_V2-768x1087.jpg 768w, https:\/\/isgsossenheim.de\/wp-content\/uploads\/2025\/06\/Plakat_2025_Strassenfest_Kirchberg_V2-1085x1536.jpg 1085w, https:\/\/isgsossenheim.de\/wp-content\/uploads\/2025\/06\/Plakat_2025_Strassenfest_Kirchberg_V2-1447x2048.jpg 1447w, https:\/\/isgsossenheim.de\/wp-content\/uploads\/2025\/06\/Plakat_2025_Strassenfest_Kirchberg_V2-100x142.jpg 100w, https:\/\/isgsossenheim.de\/wp-content\/uploads\/2025\/06\/Plakat_2025_Strassenfest_Kirchberg_V2-150x212.jpg 150w, https:\/\/isgsossenheim.de\/wp-content\/uploads\/2025\/06\/Plakat_2025_Strassenfest_Kirchberg_V2-200x283.jpg 200w, https:\/\/isgsossenheim.de\/wp-content\/uploads\/2025\/06\/Plakat_2025_Strassenfest_Kirchberg_V2-300x425.jpg 300w, https:\/\/isgsossenheim.de\/wp-content\/uploads\/2025\/06\/Plakat_2025_Strassenfest_Kirchberg_V2-450x637.jpg 450w, https:\/\/isgsossenheim.de\/wp-content\/uploads\/2025\/06\/Plakat_2025_Strassenfest_Kirchberg_V2-600x849.jpg 600w, https:\/\/isgsossenheim.de\/wp-content\/uploads\/2025\/06\/Plakat_2025_Strassenfest_Kirchberg_V2-900x1274.jpg 900w, https:\/\/isgsossenheim.de\/wp-content\/uploads\/2025\/06\/Plakat_2025_Strassenfest_Kirchberg_V2-scaled.jpg 1808w\" sizes=\"auto, (max-width: 605px) 100vw, 605px\" \/><\/a><\/p>\n<table border=\"0\" width=\"70%\" cellspacing=\"2\" cellpadding=\"0\">\n<tbody>\n<tr>\n<td><\/td>\n<\/tr>\n<\/tbody>\n<\/table>\n","protected":false},"excerpt":{"rendered":"<p>Am 12.07.2025 wird das n\u00e4chste Stra\u00dfenfest, mittlerweile zum 43. Mal seit Bestehen des Vereines, stattfinden. Es wird erneut eine Veranstaltung auf dem Sossenheimer Kirchberg sein. Dieses Jahr heizt und die Band Cherry Bomb ab ca. 19.00 Uhr ein. Weitere Informationen &hellip;<\/p>\n<p class=\"read-more\"> <a class=\"more-link\" href=\"https:\/\/isgsossenheim.de\/?page_id=107\"> <span class=\"screen-reader-text\">Stra\u00dfenfest<\/span> Weiterlesen &raquo;<\/a><\/p>\n","protected":false},"author":1,"featured_media":0,"parent":10,"menu_order":0,"comment_status":"closed","ping_status":"closed","template":"","meta":{"footnotes":""},"class_list":["post-107","page","type-page","status-publish","hentry"],"_links":{"self":[{"href":"https:\/\/isgsossenheim.de\/index.php?rest_route=\/wp\/v2\/pages\/107","targetHints":{"allow":["GET"]}}],"collection":[{"href":"https:\/\/isgsossenheim.de\/index.php?rest_route=\/wp\/v2\/pages"}],"about":[{"href":"https:\/\/isgsossenheim.de\/index.php?rest_route=\/wp\/v2\/types\/page"}],"author":[{"embeddable":true,"href":"https:\/\/isgsossenheim.de\/index.php?rest_route=\/wp\/v2\/users\/1"}],"replies":[{"embeddable":true,"href":"https:\/\/isgsossenheim.de\/index.php?rest_route=%2Fwp%2Fv2%2Fcomments&post=107"}],"version-history":[{"count":34,"href":"https:\/\/isgsossenheim.de\/index.php?rest_route=\/wp\/v2\/pages\/107\/revisions"}],"predecessor-version":[{"id":489,"href":"https:\/\/isgsossenheim.de\/index.php?rest_route=\/wp\/v2\/pages\/107\/revisions\/489"}],"up":[{"embeddable":true,"href":"https:\/\/isgsossenheim.de\/index.php?rest_route=\/wp\/v2\/pages\/10"}],"wp:attachment":[{"href":"https:\/\/isgsossenheim.de\/index.php?rest_route=%2Fwp%2Fv2%2Fmedia&parent=107"}],"curies":[{"name":"wp","href":"https:\/\/api.w.org\/{rel}","templated":true}]}}