{"id":10,"date":"2012-01-16T17:39:00","date_gmt":"2012-01-16T17:39:00","guid":{"rendered":"http:\/\/isgsossenheim.de\/?page_id=10"},"modified":"2023-03-21T18:38:18","modified_gmt":"2023-03-21T18:38:18","slug":"veranstaltungen","status":"publish","type":"page","link":"https:\/\/isgsossenheim.de\/?page_id=10","title":{"rendered":"Veranstaltungen"},"content":{"rendered":"<p>Einmal j\u00e4hrlich werden das Sossenheimer Stra\u00dfenfest sowie der Sossenheimer Weihnachtsmarkt von der Interessengemeinschaft Sossenheimer Gewerbetreibender organisiert und durchgef\u00fchrt.<\/p>\n<p>Seit einigen Jahren ist der Sossenheimer W\u00e4ldchestag am Pfingsdienstag in Zusammenarbeit mit der Frankfurter Volksbank fester Bestandteil.<\/p>\n<p>Am 1. Advent findet j\u00e4hrlich der Weihnachtsmarkt auf dem Sossenheimer Kirchberg statt.<\/p>\n<p>Bitte schauen Sie in die Kategorien:<\/p>\n<p><a href=\"http:\/\/isgsossenheim.de\/?page_id=107\">Stra\u00dfenfest<\/a><\/p>\n<p><a href=\"http:\/\/isgsossenheim.de\/?page_id=109\">Stadtteilsonntag<\/a><\/p>\n<p><a href=\"http:\/\/isgsossenheim.de\/?page_id=111\">Weihnachtsmarkt<\/a><\/p>\n","protected":false},"excerpt":{"rendered":"<p>Einmal j\u00e4hrlich werden das Sossenheimer Stra\u00dfenfest sowie der Sossenheimer Weihnachtsmarkt von der Interessengemeinschaft Sossenheimer Gewerbetreibender organisiert und durchgef\u00fchrt. Seit einigen Jahren ist der Sossenheimer W\u00e4ldchestag am Pfingsdienstag in Zusammenarbeit mit der Frankfurter Volksbank fester Bestandteil. Am 1. Advent findet j\u00e4hrlich &hellip;<\/p>\n<p class=\"read-more\"> <a class=\"more-link\" href=\"https:\/\/isgsossenheim.de\/?page_id=10\"> <span class=\"screen-reader-text\">Veranstaltungen<\/span> Weiterlesen &raquo;<\/a><\/p>\n","protected":false},"author":1,"featured_media":0,"parent":0,"menu_order":3,"comment_status":"closed","ping_status":"closed","template":"","meta":{"footnotes":""},"class_list":["post-10","page","type-page","status-publish","hentry"],"_links":{"self":[{"href":"https:\/\/isgsossenheim.de\/index.php?rest_route=\/wp\/v2\/pages\/10","targetHints":{"allow":["GET"]}}],"collection":[{"href":"https:\/\/isgsossenheim.de\/index.php?rest_route=\/wp\/v2\/pages"}],"about":[{"href":"https:\/\/isgsossenheim.de\/index.php?rest_route=\/wp\/v2\/types\/page"}],"author":[{"embeddable":true,"href":"https:\/\/isgsossenheim.de\/index.php?rest_route=\/wp\/v2\/users\/1"}],"replies":[{"embeddable":true,"href":"https:\/\/isgsossenheim.de\/index.php?rest_route=%2Fwp%2Fv2%2Fcomments&post=10"}],"version-history":[{"count":22,"href":"https:\/\/isgsossenheim.de\/index.php?rest_route=\/wp\/v2\/pages\/10\/revisions"}],"predecessor-version":[{"id":422,"href":"https:\/\/isgsossenheim.de\/index.php?rest_route=\/wp\/v2\/pages\/10\/revisions\/422"}],"wp:attachment":[{"href":"https:\/\/isgsossenheim.de\/index.php?rest_route=%2Fwp%2Fv2%2Fmedia&parent=10"}],"curies":[{"name":"wp","href":"https:\/\/api.w.org\/{rel}","templated":true}]}}